{"id":165,"date":"2020-02-14T07:14:46","date_gmt":"2020-02-14T07:14:46","guid":{"rendered":"https:\/\/www.athena.ee\/?page_id=165"},"modified":"2020-02-14T07:14:51","modified_gmt":"2020-02-14T07:14:51","slug":"kiirlaen","status":"publish","type":"page","link":"https:\/\/www.athena.ee\/et\/","title":{"rendered":"Kiirlaen"},"content":{"rendered":"<p><img loading=\"lazy\" decoding=\"async\" class=\"wp-image-166 size-large aligncenter\" src=\"https:\/\/www.athena.ee\/wp-content\/uploads\/2020\/02\/euro-currency-macro-shot-PL8PWHY-min-1024x684.jpg\" alt=\"\" width=\"720\" height=\"481\" srcset=\"https:\/\/www.athena.ee\/wp-content\/uploads\/2020\/02\/euro-currency-macro-shot-PL8PWHY-min-1024x684.jpg 1024w, https:\/\/www.athena.ee\/wp-content\/uploads\/2020\/02\/euro-currency-macro-shot-PL8PWHY-min-300x200.jpg 300w, https:\/\/www.athena.ee\/wp-content\/uploads\/2020\/02\/euro-currency-macro-shot-PL8PWHY-min-768x513.jpg 768w, https:\/\/www.athena.ee\/wp-content\/uploads\/2020\/02\/euro-currency-macro-shot-PL8PWHY-min-1536x1025.jpg 1536w, https:\/\/www.athena.ee\/wp-content\/uploads\/2020\/02\/euro-currency-macro-shot-PL8PWHY-min-2048x1367.jpg 2048w\" sizes=\"auto, (max-width: 720px) 100vw, 720px\" \/><\/p>\n<p>V\u00e4ga sageli on Eesti krediidiasutustelt laenu saamine tohutul hulgal raskusi ja ebamugavusi. M\u00f5ned kontorid n\u00f5uavad kohustuslike kolmandate isikute garantiide andmist, samas kui teised keelduvad k\u00f5rge riskitaseme korral klientidele laenu andmast ilma tagatiseta. Kuid isegi neil juhtudel, kui laenuv\u00f5tja taotleb tagatiseta laenu v\u00f5i k\u00e4endajateta laenu, ei taga see, et ta saab kiiresti kontole vajaliku rahasumma.<\/p>\n<p>Mida selles olukorras teha? Vastus on lihtne &#8211; <em>need on Eestis kiirlaenud!<\/em><\/p>\n<table>\n<thead>\n<tr>\n<th align=\"center\">Laenuandja<\/th>\n<th align=\"center\">Summa<\/th>\n<th align=\"center\"><\/th>\n<th align=\"center\">T\u00e4htaeg<\/th>\n<th align=\"center\">% kuus<\/th>\n<\/tr>\n<\/thead>\n<tbody>\n<tr>\n<td align=\"center\"><a href=\"https:\/\/www.athena.ee\/%d0%ba%d1%80%d0%b5%d0%b4%d0%b8%d1%82%d1%8b-%d0%b2-%d1%8d%d1%81%d1%82%d0%be%d0%bd%d0%b8%d0%b8\/%d0%b1%d1%8b%d1%81%d1%82%d1%80%d1%8b%d0%b5-%d0%ba%d1%80%d0%b5%d0%b4%d0%b8%d1%82%d1%8b\/credit24-ee\/\"> Credit24.ee <\/a><\/td>\n<td align=\"center\">50-4000\u20ac<\/td>\n<td align=\"center\"><a class=\"Taotlema\" href=\"http:\/\/golaen.info\/k3YxbB\" target=\"_blank\" rel=\"nofollow noopener noreferrer\">Ma tahan laenu \u00bb<\/a><\/td>\n<td align=\"center\">3-36 kuud<\/td>\n<td align=\"center\"><strong>3,85%<\/strong><\/td>\n<\/tr>\n<tr>\n<td align=\"center\"><a href=\"https:\/\/www.athena.ee\/%d0%ba%d1%80%d0%b5%d0%b4%d0%b8%d1%82%d1%8b-%d0%b2-%d1%8d%d1%81%d1%82%d0%be%d0%bd%d0%b8%d0%b8\/%d0%b1%d1%8b%d1%81%d1%82%d1%80%d1%8b%d0%b5-%d0%ba%d1%80%d0%b5%d0%b4%d0%b8%d1%82%d1%8b\/monefit\/\"> Monefit.ee <\/a><\/td>\n<td align=\"center\">50-3000\u20ac<\/td>\n<td align=\"center\"><a class=\"Taotlema\" href=\"http:\/\/golaen.info\/DMFr76\" target=\"_blank\" rel=\"nofollow noopener noreferrer\">Ma tahan laenu \u00bb<\/a><\/td>\n<td align=\"center\">1- 40 kuud<\/td>\n<td align=\"center\"><strong>3.30 %<\/strong><\/td>\n<\/tr>\n<tr>\n<td align=\"center\"><a href=\"https:\/\/www.athena.ee\/%d0%ba%d1%80%d0%b5%d0%b4%d0%b8%d1%82%d1%8b-%d0%b2-%d1%8d%d1%81%d1%82%d0%be%d0%bd%d0%b8%d0%b8\/%d0%b1%d1%8b%d1%81%d1%82%d1%80%d1%8b%d0%b5-%d0%ba%d1%80%d0%b5%d0%b4%d0%b8%d1%82%d1%8b\/kreditex\/\"> \u00dchisraha.ee <\/a><\/td>\n<td align=\"center\">500-5000\u20ac<\/td>\n<td align=\"center\"><a class=\"Taotlema\" href=\"http:\/\/golaen.info\/J9XMP9\" target=\"_blank\" rel=\"nofollow noopener noreferrer\">Ma tahan laenu \u00bb<\/a><\/td>\n<td align=\"center\">6\u201360 kuud<\/td>\n<td align=\"center\"><strong>\u043e\u0442 1.00 %<\/strong><\/td>\n<\/tr>\n<tr>\n<td align=\"center\"><a href=\"https:\/\/www.athena.ee\/%d0%ba%d1%80%d0%b5%d0%b4%d0%b8%d1%82%d1%8b-%d0%b2-%d1%8d%d1%81%d1%82%d0%be%d0%bd%d0%b8%d0%b8\/%d0%b1%d1%8b%d1%81%d1%82%d1%80%d1%8b%d0%b5-%d0%ba%d1%80%d0%b5%d0%b4%d0%b8%d1%82%d1%8b\/creditstar\/\"> CreditStar.ee <\/a><\/td>\n<td align=\"center\">50-5000\u20ac<\/td>\n<td align=\"center\"><a class=\"Taotlema\" href=\"http:\/\/golaen.info\/xZqd4q\" target=\"_blank\" rel=\"nofollow noopener noreferrer\">Ma tahan laenu \u00bb<\/a><\/td>\n<td align=\"center\">1-36 kuud<\/td>\n<td align=\"center\"><strong>3,83%<\/strong><\/td>\n<\/tr>\n<tr>\n<td align=\"center\"><a href=\"https:\/\/www.athena.ee\/%d0%ba%d1%80%d0%b5%d0%b4%d0%b8%d1%82%d1%8b-%d0%b2-%d1%8d%d1%81%d1%82%d0%be%d0%bd%d0%b8%d0%b8\/%d0%b1%d1%8b%d1%81%d1%82%d1%80%d1%8b%d0%b5-%d0%ba%d1%80%d0%b5%d0%b4%d0%b8%d1%82%d1%8b\/ferratum\/\"> FerratumBank.ee <\/a><\/td>\n<td align=\"center\">50-3000\u20ac<\/td>\n<td align=\"center\"><a class=\"Taotlema\" href=\"http:\/\/golaen.info\/XHRpRt\" target=\"_blank\" rel=\"nofollow noopener noreferrer\">Ma tahan laenu \u00bb<\/a><\/td>\n<td align=\"center\">1-67 kuud<\/td>\n<td align=\"center\"><strong>\u043e\u0442 1.00 %<\/strong><\/td>\n<\/tr>\n<tr>\n<td align=\"center\"><a href=\"https:\/\/golaen.info\/DdH5kZ\" target=\"_blank\" rel=\"nofollow noopener noreferrer\"> Ekspressraha.ee <\/a><\/td>\n<td align=\"center\">300-3000\u20ac<\/td>\n<td align=\"center\"><a class=\"Taotlema\" href=\"https:\/\/golaen.info\/DdH5kZ\" target=\"_blank\" rel=\"nofollow noopener noreferrer\">Ma tahan laenu \u00bb<\/a><\/td>\n<td align=\"center\">3-36 kuud<\/td>\n<td align=\"center\"><strong>2,70 %<\/strong><\/td>\n<\/tr>\n<\/tbody>\n<\/table>\n<h2>Kiirlaenude omadused Eestis ja n\u00f5uded laenuv\u00f5tjatele<\/h2>\n<p>T\u00e4na annavad <a href=\"http:\/\/easb.ee\/kiirlaen\/\">kiirlaene<\/a> v\u00e4lja paljud krediidiorganisatsioonid ja seet\u00f5ttu on konkurents sellel turul v\u00e4ga t\u00f5sine. K\u00f5ik see langeb klientide k\u00e4tte, kuna kiirlaenude intressim\u00e4\u00e4rad on sageli k\u00f5rgemad kui seda t\u00fc\u00fcpi laenude puhul, mille puhul laenuv\u00f5tja on kohustatud esitama tuludeklaratsiooni, pandi v\u00f5i garantii. Konkurentsi t\u00f5ttu p\u00fc\u00fcavad krediidikontorid v\u00e4hendada intressim\u00e4\u00e4rasid, lihtsustades veelgi laenu saamise protseduuri. See k\u00f5ik teeb kasumiaruandeta kiirlaenu veelgi soodsamaks.<\/p>\n<p>Kiirlaene ilma p\u00e4ringuteta, tagatisi ja k\u00e4endajaid v\u00e4ljastatakse veebis ning kliendid ei pea krediidiasutust isiklikult k\u00fclastama, v\u00e4lja arvatud esmase tuvastamise korral. Tuludeklaratsiooni saamise protsess, samuti k\u00f5igile krediidiasutuse n\u00f5uetele vastavate k\u00e4endajate ja tagatiste otsimine v\u00f5ib olla v\u00e4ga pikk, mis on v\u00e4ga ebamugav, kui laenuv\u00f5tja vajab raha mitte paari n\u00e4dala v\u00f5i isegi kuu jooksul, vaid j\u00e4rgmise paari tunni jooksul. Eestis teabeta laen lahendab selle probleemi t\u00f5husalt ja raha kantakse kliendi kontole 15\u201330 minuti jooksul p\u00e4rast avalduse esitamist.<\/p>\n<p>K\u00f5ik teavad, et laenu saamine ja laenu saamine on t\u00e4iesti erinevad asjad. Laenu saab taotleda iga\u00fcks, selleks piisab, kui k\u00e4ep\u00e4rast on interneti\u00fchendusega arvuti, siis minge ettev\u00f5tte veebisaidile ja taotlege laenu. Kuid selleks, et sellest keeldumist ei tuleks, peab laenuv\u00f5tja j\u00e4rgima krediidiasutuse kohustuslikke n\u00f5udeid. Millised on need n\u00f5uded? Igal organisatsioonil on oma, kuid me v\u00f5ime kindlaks teha mitu \u00fcldist n\u00f5uet, nimelt:<\/p>\n<ol>\n<li>Vanus. Krediidiraha saamiseks peab laenuv\u00f5tja olema \u00fcle 18-aastane (m\u00f5nes ettev\u00f5ttes on vanusepiiri t\u00f5stetud 21 aastani) ning laenuv\u00f5la t\u00e4ieliku tagasimaksmise ajal mitte vanem kui 65 aastat (75 aastat).<\/li>\n<li>Laenuv\u00f5tjal peab olema p\u00fcsiv sissetulek. Kui inimene ei t\u00f6\u00f6ta ja tal pole \u00fchtlast sissetulekut, suurendab see krediidiorganisatsioonide riske mitu korda ning nad keelduvad sms-laene ja muid kiirlaene andmast ilma j\u00e4relep\u00e4rimisteta.<\/li>\n<li>Eestis elamisloa olemasolu v\u00f5i Eesti kodakondsus. Eesti krediidifirmades saavad laenu saada ainult selle riigi kodanikud.<\/li>\n<li>Olemasolevate v\u00f5lgade puudumine. Kuid isegi kui laenuv\u00f5tjal pole taotlemise ajal selliseid laene, ei taga see siiski talle edukat laenulepingut, kuna \u00fcldine krediidiajalugu m\u00e4ngib selles protsessis sama olulist rolli, mis peaks olema laitmatu.<\/li>\n<\/ol>\n<h2>Kiirlaenude peamine \u201cmiinus\u201d: kuidas seda tasandada?<\/h2>\n<p>Nagu oleme juba v\u00e4lja m\u00f5elnud, on kiirel ja kasumlikul rahalaenul mitmesuguseid eeliseid. Selle t\u00e4itmiseks ei pea laenukontorisse esitama tohutul hulgal dokumente, piisab ainult passist. Kiirlaenu saamiseks pole vaja ka kolmandate isikute k\u00e4endusi, tagatise esitamist ja kasumiaruandeid.<\/p>\n<p>Sellise laenu peamiseks puuduseks on v\u00e4ike laenusumma ja v\u00e4ga l\u00fchike laenut\u00e4htaeg. L\u00f5ppude l\u00f5puks ei pruugi raha, mida krediidikontorid on valmis oma klientidele pakkuma, olema k\u00f5igi finantsk\u00fcsimuste lahendamiseks t\u00fchine. Selle probleemi lahendamiseks piisab, kui p\u00f6\u00f6rata t\u00e4helepanu laenule ilma Monefiti kontolt v\u00e4ljav\u00f5tteid.<\/p>\n<p><a href=\"https:\/\/sinulaen.ee\/laenuandjad\/krediidikonto\/monefit\/\">Monefit<\/a> ei ole lihtsalt laen, vaid terve krediidiliin, omamoodi kliendi mobiilne rahakott, mida ta saab igal ajal kasutada. Isegi kui te ei vaja praegu teatud rahasummat, pole keegi meist ohutu etten\u00e4gematute olukordade eest ja seet\u00f5ttu on parem alati omada rahalist \u201cturvapatja\u201d, et te ei peaks tulevikus raha otsima ja n\u00e4rveerima, sest vajate neid just siin ja praegu.<\/p>\n<p>Monefit v\u00e4lja tehes otsustab klient, millist laenusummat ta vajab, ja valib ka laenut\u00e4htaja, nii et ta v\u00f5tab kontrolli oma eelarve \u00fcle ega maksa \u00fcle laenuintressi. Lisaks v\u00f5ite alati saada Monefiti krediidiliini ja kasutada ainult osa laenurahast ning intressid kogunevad ainult teie kasutatud rahale, mitte kogu laenusummale.<\/p>\n<p>Kiirlaene valides valite mugavuse ja mugavuse ning \u00e4rge raisake oma n\u00e4rve, sest teate, et laenutaotlus lepitakse edukalt kokku ja raha kantakse teie pangakontole m\u00f5ne minutiga.<\/p>\n","protected":false},"excerpt":{"rendered":"<p>V\u00e4ga sageli on Eesti krediidiasutustelt laenu saamine tohutul hulgal raskusi ja ebamugavusi. M\u00f5ned kontorid n\u00f5uavad kohustuslike kolmandate isikute garantiide andmist, samas kui teised keelduvad k\u00f5rge riskitaseme korral klientidele laenu andmast ilma tagatiseta. Kuid isegi neil juhtudel, kui laenuv\u00f5tja taotleb tagatiseta laenu v\u00f5i k\u00e4endajateta laenu, ei taga see, et ta saab kiiresti kontole vajaliku rahasumma. Mida [&hellip;]<\/p>\n","protected":false},"author":2,"featured_media":0,"parent":0,"menu_order":0,"comment_status":"closed","ping_status":"closed","template":"","meta":{"footnotes":""},"class_list":["post-165","page","type-page","status-publish","hentry"],"yoast_head":"<!-- This site is optimized with the Yoast SEO plugin v26.9 - https:\/\/yoast.com\/product\/yoast-seo-wordpress\/ -->\n<title>Saate kiirlaenu ilma tagatiseta ja k\u00e4endajateta kuni 5000 eurot<\/title>\n<meta name=\"description\" content=\"Eestis kiirlaen igaks vajaduseks summas kuni 5000 eurot.Avalduse esitamine veebis, kiirlaenu otsus. Krediit Internetis 15 minutiga\" \/>\n<meta name=\"robots\" content=\"index, follow, max-snippet:-1, max-image-preview:large, max-video-preview:-1\" \/>\n<link rel=\"canonical\" href=\"https:\/\/www.athena.ee\/et\/\" \/>\n<meta property=\"og:locale\" content=\"et_EE\" \/>\n<meta property=\"og:type\" content=\"article\" \/>\n<meta property=\"og:title\" content=\"Saate kiirlaenu ilma tagatiseta ja k\u00e4endajateta kuni 5000 eurot\" \/>\n<meta property=\"og:description\" content=\"Eestis kiirlaen igaks vajaduseks summas kuni 5000 eurot.Avalduse esitamine veebis, kiirlaenu otsus. Krediit Internetis 15 minutiga\" \/>\n<meta property=\"og:url\" content=\"https:\/\/www.athena.ee\/et\/\" \/>\n<meta property=\"og:site_name\" content=\"Athena Laenud\" \/>\n<meta property=\"article:modified_time\" content=\"2020-02-14T07:14:51+00:00\" \/>\n<meta property=\"og:image\" content=\"https:\/\/www.athena.ee\/wp-content\/uploads\/2020\/02\/euro-currency-macro-shot-PL8PWHY-min-1024x684.jpg\" \/>\n<meta name=\"twitter:card\" content=\"summary_large_image\" \/>\n<meta name=\"twitter:label1\" content=\"Est. reading time\" \/>\n\t<meta name=\"twitter:data1\" content=\"4 minutit\" \/>\n<script type=\"application\/ld+json\" class=\"yoast-schema-graph\">{\"@context\":\"https:\/\/schema.org\",\"@graph\":[{\"@type\":\"WebPage\",\"@id\":\"https:\/\/www.athena.ee\/et\/\",\"url\":\"https:\/\/www.athena.ee\/et\/\",\"name\":\"Saate kiirlaenu ilma tagatiseta ja k\u00e4endajateta kuni 5000 eurot\",\"isPartOf\":{\"@id\":\"https:\/\/www.athena.ee\/#website\"},\"primaryImageOfPage\":{\"@id\":\"https:\/\/www.athena.ee\/et\/#primaryimage\"},\"image\":{\"@id\":\"https:\/\/www.athena.ee\/et\/#primaryimage\"},\"thumbnailUrl\":\"https:\/\/www.athena.ee\/wp-content\/uploads\/2020\/02\/euro-currency-macro-shot-PL8PWHY-min-1024x684.jpg\",\"datePublished\":\"2020-02-14T07:14:46+00:00\",\"dateModified\":\"2020-02-14T07:14:51+00:00\",\"description\":\"Eestis kiirlaen igaks vajaduseks summas kuni 5000 eurot.Avalduse esitamine veebis, kiirlaenu otsus. Krediit Internetis 15 minutiga\",\"breadcrumb\":{\"@id\":\"https:\/\/www.athena.ee\/et\/#breadcrumb\"},\"inLanguage\":\"et\",\"potentialAction\":[{\"@type\":\"ReadAction\",\"target\":[\"https:\/\/www.athena.ee\/et\/\"]}]},{\"@type\":\"ImageObject\",\"inLanguage\":\"et\",\"@id\":\"https:\/\/www.athena.ee\/et\/#primaryimage\",\"url\":\"https:\/\/www.athena.ee\/wp-content\/uploads\/2020\/02\/euro-currency-macro-shot-PL8PWHY-min-1024x684.jpg\",\"contentUrl\":\"https:\/\/www.athena.ee\/wp-content\/uploads\/2020\/02\/euro-currency-macro-shot-PL8PWHY-min-1024x684.jpg\"},{\"@type\":\"BreadcrumbList\",\"@id\":\"https:\/\/www.athena.ee\/et\/#breadcrumb\",\"itemListElement\":[{\"@type\":\"ListItem\",\"position\":1,\"name\":\"Home\",\"item\":\"https:\/\/www.athena.ee\/et\/\"},{\"@type\":\"ListItem\",\"position\":2,\"name\":\"Kiirlaen\"}]},{\"@type\":\"WebSite\",\"@id\":\"https:\/\/www.athena.ee\/#website\",\"url\":\"https:\/\/www.athena.ee\/\",\"name\":\"Athena Laenud\",\"description\":\"\u041a\u0440\u0435\u0434\u0438\u0442\u044b \u0432 \u042d\u0441\u0442\u043e\u043d\u0438\u0438\",\"potentialAction\":[{\"@type\":\"SearchAction\",\"target\":{\"@type\":\"EntryPoint\",\"urlTemplate\":\"https:\/\/www.athena.ee\/?s={search_term_string}\"},\"query-input\":{\"@type\":\"PropertyValueSpecification\",\"valueRequired\":true,\"valueName\":\"search_term_string\"}}],\"inLanguage\":\"et\"}]}<\/script>\n<!-- \/ Yoast SEO plugin. -->","yoast_head_json":{"title":"Saate kiirlaenu ilma tagatiseta ja k\u00e4endajateta kuni 5000 eurot","description":"Eestis kiirlaen igaks vajaduseks summas kuni 5000 eurot.Avalduse esitamine veebis, kiirlaenu otsus. Krediit Internetis 15 minutiga","robots":{"index":"index","follow":"follow","max-snippet":"max-snippet:-1","max-image-preview":"max-image-preview:large","max-video-preview":"max-video-preview:-1"},"canonical":"https:\/\/www.athena.ee\/et\/","og_locale":"et_EE","og_type":"article","og_title":"Saate kiirlaenu ilma tagatiseta ja k\u00e4endajateta kuni 5000 eurot","og_description":"Eestis kiirlaen igaks vajaduseks summas kuni 5000 eurot.Avalduse esitamine veebis, kiirlaenu otsus. Krediit Internetis 15 minutiga","og_url":"https:\/\/www.athena.ee\/et\/","og_site_name":"Athena Laenud","article_modified_time":"2020-02-14T07:14:51+00:00","og_image":[{"url":"https:\/\/www.athena.ee\/wp-content\/uploads\/2020\/02\/euro-currency-macro-shot-PL8PWHY-min-1024x684.jpg","type":"","width":"","height":""}],"twitter_card":"summary_large_image","twitter_misc":{"Est. reading time":"4 minutit"},"schema":{"@context":"https:\/\/schema.org","@graph":[{"@type":"WebPage","@id":"https:\/\/www.athena.ee\/et\/","url":"https:\/\/www.athena.ee\/et\/","name":"Saate kiirlaenu ilma tagatiseta ja k\u00e4endajateta kuni 5000 eurot","isPartOf":{"@id":"https:\/\/www.athena.ee\/#website"},"primaryImageOfPage":{"@id":"https:\/\/www.athena.ee\/et\/#primaryimage"},"image":{"@id":"https:\/\/www.athena.ee\/et\/#primaryimage"},"thumbnailUrl":"https:\/\/www.athena.ee\/wp-content\/uploads\/2020\/02\/euro-currency-macro-shot-PL8PWHY-min-1024x684.jpg","datePublished":"2020-02-14T07:14:46+00:00","dateModified":"2020-02-14T07:14:51+00:00","description":"Eestis kiirlaen igaks vajaduseks summas kuni 5000 eurot.Avalduse esitamine veebis, kiirlaenu otsus. Krediit Internetis 15 minutiga","breadcrumb":{"@id":"https:\/\/www.athena.ee\/et\/#breadcrumb"},"inLanguage":"et","potentialAction":[{"@type":"ReadAction","target":["https:\/\/www.athena.ee\/et\/"]}]},{"@type":"ImageObject","inLanguage":"et","@id":"https:\/\/www.athena.ee\/et\/#primaryimage","url":"https:\/\/www.athena.ee\/wp-content\/uploads\/2020\/02\/euro-currency-macro-shot-PL8PWHY-min-1024x684.jpg","contentUrl":"https:\/\/www.athena.ee\/wp-content\/uploads\/2020\/02\/euro-currency-macro-shot-PL8PWHY-min-1024x684.jpg"},{"@type":"BreadcrumbList","@id":"https:\/\/www.athena.ee\/et\/#breadcrumb","itemListElement":[{"@type":"ListItem","position":1,"name":"Home","item":"https:\/\/www.athena.ee\/et\/"},{"@type":"ListItem","position":2,"name":"Kiirlaen"}]},{"@type":"WebSite","@id":"https:\/\/www.athena.ee\/#website","url":"https:\/\/www.athena.ee\/","name":"Athena Laenud","description":"\u041a\u0440\u0435\u0434\u0438\u0442\u044b \u0432 \u042d\u0441\u0442\u043e\u043d\u0438\u0438","potentialAction":[{"@type":"SearchAction","target":{"@type":"EntryPoint","urlTemplate":"https:\/\/www.athena.ee\/?s={search_term_string}"},"query-input":{"@type":"PropertyValueSpecification","valueRequired":true,"valueName":"search_term_string"}}],"inLanguage":"et"}]}},"_links":{"self":[{"href":"https:\/\/www.athena.ee\/et\/wp-json\/wp\/v2\/pages\/165","targetHints":{"allow":["GET"]}}],"collection":[{"href":"https:\/\/www.athena.ee\/et\/wp-json\/wp\/v2\/pages"}],"about":[{"href":"https:\/\/www.athena.ee\/et\/wp-json\/wp\/v2\/types\/page"}],"author":[{"embeddable":true,"href":"https:\/\/www.athena.ee\/et\/wp-json\/wp\/v2\/users\/2"}],"replies":[{"embeddable":true,"href":"https:\/\/www.athena.ee\/et\/wp-json\/wp\/v2\/comments?post=165"}],"version-history":[{"count":3,"href":"https:\/\/www.athena.ee\/et\/wp-json\/wp\/v2\/pages\/165\/revisions"}],"predecessor-version":[{"id":202,"href":"https:\/\/www.athena.ee\/et\/wp-json\/wp\/v2\/pages\/165\/revisions\/202"}],"wp:attachment":[{"href":"https:\/\/www.athena.ee\/et\/wp-json\/wp\/v2\/media?parent=165"}],"curies":[{"name":"wp","href":"https:\/\/api.w.org\/{rel}","templated":true}]}}